

{"id":143,"date":"2012-08-11T14:52:48","date_gmt":"2012-08-11T14:52:48","guid":{"rendered":"http:\/\/sviadnov.knihovna.info\/?page_id=143"},"modified":"2019-07-25T08:55:15","modified_gmt":"2019-07-25T08:55:15","slug":"o-knihovne","status":"publish","type":"page","link":"https:\/\/sviadnov.knihovna.info\/?page_id=143","title":{"rendered":"O knihovn\u011b"},"content":{"rendered":"<ul>\n<li><a href=\"http:\/\/sviadnov.knihovna.info\/?page_id=442\"><span style=\"font-size: x-large;\">Historie knihovny<\/span><\/a><\/li>\n<li><a href=\"http:\/\/sviadnov.knihovna.info\/?page_id=23\"><span style=\"font-size: x-large;\">P\u016fj\u010dovn\u00ed doba<\/span><\/a><\/li>\n<li><span style=\"font-size: x-large;\"><a href=\"http:\/\/sviadnov.knihovna.info\/?page_id=16\">Knihovn\u00ed \u0159\u00e1d<\/a><\/span><\/li>\n<\/ul>\n<p>Z\u00e1kladn\u00ed informace o \u010dinnosti a aktivit\u011b knihovny (za rok 2018):<\/p>\n<p>Knihovna m\u011bla v minul\u00e9m roce celkem <strong>157 \u010dten\u00e1\u0159\u016f<\/strong>.<br \/>\nV pr\u016fb\u011bhu cel\u00e9ho roku ji nav\u0161t\u00edvilo celkem 3890 n\u00e1v\u0161t\u011bvn\u00edk\u016f,<br \/>\nkte\u0159\u00ed u\u010dinili <strong>4750 v\u00fdp\u016fj\u010dek<\/strong>.<br \/>\nKnihovn\u00ed fond na\u0161\u00ed knihovny dnes \u010d\u00edt\u00e1 <strong>6116 kni\u017en\u00edch jednotek<\/strong>.<\/p>\n<p><img loading=\"lazy\" decoding=\"async\" width=\"1280\" height=\"960\" class=\"aligncenter wp-image-1018 size-full\" alt=\"\" src=\"http:\/\/sviadnov.knihovna.info\/wp-content\/uploads\/2019\/07\/knihovna-soucasny-stav.jpg\" srcset=\"https:\/\/sviadnov.knihovna.info\/wp-content\/uploads\/2019\/07\/knihovna-soucasny-stav.jpg 1280w, https:\/\/sviadnov.knihovna.info\/wp-content\/uploads\/2019\/07\/knihovna-soucasny-stav-300x225.jpg 300w, https:\/\/sviadnov.knihovna.info\/wp-content\/uploads\/2019\/07\/knihovna-soucasny-stav-768x576.jpg 768w, https:\/\/sviadnov.knihovna.info\/wp-content\/uploads\/2019\/07\/knihovna-soucasny-stav-1024x768.jpg 1024w, https:\/\/sviadnov.knihovna.info\/wp-content\/uploads\/2019\/07\/knihovna-soucasny-stav-400x300.jpg 400w\" sizes=\"auto, (max-width: 1280px) 100vw, 1280px\" \/><\/p>\n","protected":false},"excerpt":{"rendered":"<p>Historie knihovny P\u016fj\u010dovn\u00ed doba Knihovn\u00ed \u0159\u00e1d Z\u00e1kladn\u00ed informace o \u010dinnosti a aktivit\u011b knihovny (za rok 2018): Knihovna m\u011bla v minul\u00e9m roce celkem 157 \u010dten\u00e1\u0159\u016f. V pr\u016fb\u011bhu cel\u00e9ho roku ji nav\u0161t\u00edvilo celkem 3890 n\u00e1v\u0161t\u011bvn\u00edk\u016f, kte\u0159\u00ed u\u010dinili 4750 v\u00fdp\u016fj\u010dek. Knihovn\u00ed fond na\u0161\u00ed &hellip; <a href=\"https:\/\/sviadnov.knihovna.info\/?page_id=143\">Cel\u00fd p\u0159\u00edsp\u011bvek <span class=\"meta-nav\">&rarr;<\/span><\/a><\/p>\n","protected":false},"author":1,"featured_media":0,"parent":0,"menu_order":0,"comment_status":"closed","ping_status":"closed","template":"","meta":{"ngg_post_thumbnail":0,"footnotes":""},"class_list":["post-143","page","type-page","status-publish","hentry"],"_links":{"self":[{"href":"https:\/\/sviadnov.knihovna.info\/index.php?rest_route=\/wp\/v2\/pages\/143","targetHints":{"allow":["GET"]}}],"collection":[{"href":"https:\/\/sviadnov.knihovna.info\/index.php?rest_route=\/wp\/v2\/pages"}],"about":[{"href":"https:\/\/sviadnov.knihovna.info\/index.php?rest_route=\/wp\/v2\/types\/page"}],"author":[{"embeddable":true,"href":"https:\/\/sviadnov.knihovna.info\/index.php?rest_route=\/wp\/v2\/users\/1"}],"replies":[{"embeddable":true,"href":"https:\/\/sviadnov.knihovna.info\/index.php?rest_route=%2Fwp%2Fv2%2Fcomments&post=143"}],"version-history":[{"count":27,"href":"https:\/\/sviadnov.knihovna.info\/index.php?rest_route=\/wp\/v2\/pages\/143\/revisions"}],"predecessor-version":[{"id":1051,"href":"https:\/\/sviadnov.knihovna.info\/index.php?rest_route=\/wp\/v2\/pages\/143\/revisions\/1051"}],"wp:attachment":[{"href":"https:\/\/sviadnov.knihovna.info\/index.php?rest_route=%2Fwp%2Fv2%2Fmedia&parent=143"}],"curies":[{"name":"wp","href":"https:\/\/api.w.org\/{rel}","templated":true}]}}