

{"id":149,"date":"2012-08-11T15:04:06","date_gmt":"2012-08-11T15:04:06","guid":{"rendered":"http:\/\/sviadnov.knihovna.info\/?page_id=149"},"modified":"2012-09-12T20:39:51","modified_gmt":"2012-09-12T20:39:51","slug":"sluzby","status":"publish","type":"page","link":"https:\/\/sviadnov.knihovna.info\/?page_id=149","title":{"rendered":"Slu\u017eby"},"content":{"rendered":"<ul>\n<li><a href=\"http:\/\/sviadnov.knihovna.info\/?page_id=12\"><span style=\"font-size: x-large;\">Cen\u00edk slu\u017eeb<\/span><\/a><\/li>\n<li><a href=\"http:\/\/sviadnov.knihovna.info\/?page_id=247\"><span style=\"font-size: x-large;\">P\u016fj\u010dov\u00e1n\u00ed knih a \u010dasopis\u016f<\/span><\/a><\/li>\n<li><a href=\"http:\/\/sviadnov.knihovna.info\/?page_id=257\"><span style=\"font-size: x-large;\">Rezervace, prolongace<\/span><\/a><\/li>\n<li><a href=\"http:\/\/sviadnov.knihovna.info\/?page_id=262\"><span style=\"font-size: x-large;\">Meziknihovn\u00ed v\u00fdp\u016fj\u010dn\u00ed slu\u017eba (MVS)<\/span><\/a><\/li>\n<li><a href=\"http:\/\/sviadnov.knihovna.info\/?page_id=269\"><span style=\"font-size: x-large;\">Internet, programy MS Office<\/span><\/a><\/li>\n<li><a href=\"http:\/\/sviadnov.knihovna.info\/?page_id=275\"><span style=\"font-size: x-large;\">Knihy z region\u00e1ln\u00edho fondu<\/span><\/a><\/li>\n<\/ul>\n<p>&nbsp;<\/p>\n<p>&nbsp;<\/p>\n","protected":false},"excerpt":{"rendered":"<p>Cen\u00edk slu\u017eeb P\u016fj\u010dov\u00e1n\u00ed knih a \u010dasopis\u016f Rezervace, prolongace Meziknihovn\u00ed v\u00fdp\u016fj\u010dn\u00ed slu\u017eba (MVS) Internet, programy MS Office Knihy z region\u00e1ln\u00edho fondu &nbsp; &nbsp;<\/p>\n","protected":false},"author":1,"featured_media":0,"parent":0,"menu_order":0,"comment_status":"closed","ping_status":"closed","template":"","meta":{"ngg_post_thumbnail":0,"footnotes":""},"class_list":["post-149","page","type-page","status-publish","hentry"],"_links":{"self":[{"href":"https:\/\/sviadnov.knihovna.info\/index.php?rest_route=\/wp\/v2\/pages\/149","targetHints":{"allow":["GET"]}}],"collection":[{"href":"https:\/\/sviadnov.knihovna.info\/index.php?rest_route=\/wp\/v2\/pages"}],"about":[{"href":"https:\/\/sviadnov.knihovna.info\/index.php?rest_route=\/wp\/v2\/types\/page"}],"author":[{"embeddable":true,"href":"https:\/\/sviadnov.knihovna.info\/index.php?rest_route=\/wp\/v2\/users\/1"}],"replies":[{"embeddable":true,"href":"https:\/\/sviadnov.knihovna.info\/index.php?rest_route=%2Fwp%2Fv2%2Fcomments&post=149"}],"version-history":[{"count":17,"href":"https:\/\/sviadnov.knihovna.info\/index.php?rest_route=\/wp\/v2\/pages\/149\/revisions"}],"predecessor-version":[{"id":200,"href":"https:\/\/sviadnov.knihovna.info\/index.php?rest_route=\/wp\/v2\/pages\/149\/revisions\/200"}],"wp:attachment":[{"href":"https:\/\/sviadnov.knihovna.info\/index.php?rest_route=%2Fwp%2Fv2%2Fmedia&parent=149"}],"curies":[{"name":"wp","href":"https:\/\/api.w.org\/{rel}","templated":true}]}}