

{"id":16,"date":"2012-01-10T19:51:03","date_gmt":"2012-01-10T19:51:03","guid":{"rendered":"http:\/\/sviadnov.knihovna.info\/?page_id=16"},"modified":"2012-08-21T15:28:45","modified_gmt":"2012-08-21T15:28:45","slug":"knihovni-rad","status":"publish","type":"page","link":"https:\/\/sviadnov.knihovna.info\/?page_id=16","title":{"rendered":"Knihovn\u00ed \u0159\u00e1d"},"content":{"rendered":"<p style=\"text-align: center;\"><span style=\"color: #000000; font-size: large;\"><strong>I. Z\u00e1kladn\u00ed ustanoven\u00ed<\/strong><\/span><\/p>\n<p style=\"text-align: center;\"><span style=\"font-size: large; color: #000000;\">\u00a0<em><strong>\u010cl\u00e1nek 1<\/strong><\/em>\u00a0<\/span><\/p>\n<div align=\"center\"><span style=\"font-size: large; color: #000000;\">\u00a0<strong>Posl\u00e1n\u00ed a \u010dinnost knihovny<\/strong>\u00a0<\/span><\/div>\n<div><span style=\"font-size: large; color: #000000;\">\u00a0<\/span><\/div>\n<div><span style=\"font-size: large; color: #000000;\">Knihovna je knihovnou z\u00e1kladn\u00ed ve smyslu \u00a7 3 a 12 z\u00e1kona \u010d. 257\/2001 Sb. ve zn\u011bn\u00ed pozd\u011bj\u0161\u00edch p\u0159edpis\u016f\u00a0\u00a0 (knihovn\u00ed z\u00e1kon) a je z\u0159\u00edzena za \u00fa\u010delem poskytovat rovn\u00fdm zp\u016fsobem v\u0161em ob\u010dan\u016fm bez rozd\u00edlu ve\u0159ejn\u00e9 knihovnick\u00e9 a informa\u010dn\u00ed slu\u017eby vymezen\u00e9 v \u00a7 2, 4 a 14 knihovn\u00edho z\u00e1kona.<\/span><\/div>\n<div><span style=\"font-size: large; color: #000000;\">\u00a0<\/span><\/div>\n<div align=\"center\"><span style=\"font-size: large; color: #000000;\">\u00a0<strong><em>\u010cl\u00e1nek 2<\/em>\u00a0<\/strong><\/span><\/div>\n<div><span style=\"font-size: large; color: #000000;\">\u00a0<\/span><\/div>\n<div align=\"center\"><span style=\"font-size: large; color: #000000;\"><strong>Ve\u0159ejn\u00e9 knihovnick\u00e9 a informa\u010dn\u00ed slu\u017eby<\/strong><\/span><\/div>\n<div><span style=\"font-size: large; color: #000000;\">\u00a0<\/span><\/div>\n<div><span style=\"font-size: large; color: #000000;\">1.\u00a0\u00a0\u00a0\u00a0\u00a0Knihovna poskytuje u\u017eivatel\u016fm ve\u0159ejn\u00e9 knihovnick\u00e9 a informa\u010dn\u00ed slu\u017eby, a to zejm\u00e9na<\/span><\/div>\n<div><span style=\"font-size: large; color: #000000;\">a)\u00a0\u00a0\u00a0\u00a0 v\u00fdp\u016fj\u010dn\u00ed slu\u017eby<\/span><\/div>\n<div><span style=\"font-size: large; color: #000000;\">b)\u00a0\u00a0\u00a0\u00a0\u00a0meziknihovn\u00ed slu\u017eby<\/span><\/div>\n<div><span style=\"font-size: large; color: #000000;\">c)\u00a0\u00a0\u00a0\u00a0\u00a0informa\u010dn\u00ed slu\u017eby<\/span><\/div>\n<div><span style=\"font-size: large; color: #000000;\">d)\u00a0\u00a0\u00a0\u00a0\u00a0informace o kataloz\u00edch, fondech a vyu\u017e\u00edv\u00e1n\u00ed knihovny<\/span><\/div>\n<div><span style=\"font-size: large; color: #000000;\">e)\u00a0\u00a0\u00a0\u00a0\u00a0informace z oblasti ve\u0159ejn\u00e9 spr\u00e1vy<\/span><\/div>\n<div><span style=\"font-size: large; color: #000000;\">f)\u00a0\u00a0\u00a0\u00a0\u00a0\u00a0\u00fastn\u00ed informace bibliografick\u00e9ho a faktografick\u00e9ho charakteru<\/span><\/div>\n<div><span style=\"font-size: large; color: #000000;\">g)\u00a0\u00a0\u00a0\u00a0\u00a0p\u0159\u00edstup na internet<\/p>\n<p><\/span><\/div>\n<div><span style=\"font-size: large; color: #000000;\">2.\u00a0\u00a0\u00a0\u00a0\u00a0Knihovna poskytuje tyto placen\u00e9 slu\u017eby :<\/span><\/div>\n<div><span style=\"font-size: large; color: #000000;\">&#8211;\u00a0\u00a0\u00a0\u00a0\u00a0\u00a0\u00a0kop\u00edrov\u00e1n\u00ed<\/span><\/div>\n<div><span style=\"font-size: large; color: #000000;\">&#8211;\u00a0\u00a0\u00a0\u00a0\u00a0\u00a0\u00a0registraci u\u017eivatel\u016f<\/span><\/div>\n<div><span style=\"font-size: large; color: #000000;\">&#8211;\u00a0\u00a0\u00a0\u00a0\u00a0\u00a0\u00a0MVS<\/span><\/div>\n<div><span style=\"font-size: large; color: #000000;\">\u00a0<\/span><\/div>\n<div><span style=\"font-size: large; color: #000000;\">\u00dahrada za tyto slu\u017eby je stanovena ve v\u00fd\u0161i skute\u010dn\u011b vynalo\u017een\u00fdch n\u00e1klad\u016f.<\/span><\/div>\n<div><span style=\"font-size: large; color: #000000;\">\u00a0<\/span><\/div>\n<div><span style=\"font-size: large; color: #000000;\">3. Ve\u0161ker\u00e9 finan\u010dn\u00ed \u010d\u00e1stky za slu\u017eby poskytovan\u00e9 knihovnou jsou \u00fa\u010dtov\u00e1ny podle cen\u00edku slu\u017eeb.<\/span><\/div>\n<div><span style=\"font-size: large; color: #000000;\">\u00a0<\/span><\/div>\n<div align=\"center\"><span style=\"font-size: large; color: #000000;\"><strong>II. U\u017eivatel\u00e9 knihovnick\u00fdch a informa\u010dn\u00edch slu\u017eeb<\/strong><\/span><\/div>\n<div align=\"center\"><span style=\"font-size: large; color: #000000;\">\u00a0<\/span><\/div>\n<div align=\"center\"><span style=\"font-size: large; color: #000000;\"><strong>\u00a0<em>\u010cl\u00e1nek 3<\/em><\/strong><\/span><\/div>\n<div><span style=\"font-size: large; color: #000000;\">\u00a0<\/span><\/div>\n<div align=\"center\"><span style=\"font-size: large; color: #000000;\">\u00a0<strong>Registrace u\u017eivatele<\/strong><\/span><\/div>\n<div><span style=\"font-size: large; color: #000000;\">\u00a0<\/span><\/div>\n<div><span style=\"font-size: large; color: #000000;\">1.\u00a0\u00a0\u00a0\u00a0\u00a0U\u017eivatelem se m\u016f\u017ee st\u00e1t ka\u017ed\u00e1 fyzick\u00e1 nebo pr\u00e1vnick\u00e1 osoba vyd\u00e1n\u00edm pr\u016fkazu u\u017eivatele na z\u00e1klad\u011b vypln\u011bn\u00e9 p\u0159ihl\u00e1\u0161ky ov\u011b\u0159en\u00e9 knihovn\u00edkem podle osobn\u00edch doklad\u016f u\u017eivatele.<\/span><\/div>\n<div><span style=\"font-size: large; color: #000000;\">2.\u00a0\u00a0\u00a0 Knihovna vy\u017eaduje k registraci n\u00e1sleduj\u00edc\u00ed osobn\u00ed \u00fadaje: jm\u00e9no, p\u0159\u00edjmen\u00ed,bydli\u0161t\u011b, datum narozen\u00ed.<\/span><\/div>\n<div><span style=\"font-size: large; color: #000000;\">3.\u00a0\u00a0\u00a0\u00a0D\u011bti do 15 let se stanou u\u017eivatelem na z\u00e1klad\u011b p\u00edsemn\u00e9ho souhlasu z\u00e1konn\u00e9ho z\u00e1stupce.<\/span><\/div>\n<div><span style=\"font-size: large; color: #000000;\">4.\u00a0\u00a0\u00a0\u00a0\u00a0Knihovna je opr\u00e1vn\u011bna zpracov\u00e1vat osobn\u00ed \u00fadaje u\u017eivatel\u016f na z\u00e1klad\u011b registrace na \u00da\u0159adu pro ochranu osobn\u00edch \u00fadaj\u016f, Havelkova 22, Praha 3.<\/span><\/div>\n<div><span style=\"font-size: large; color: #000000;\">\u00a0<\/span><\/div>\n<div align=\"center\"><span style=\"font-size: large; color: #000000;\"><em><strong>\u010cl\u00e1nek 4<\/strong><\/em><\/span><\/div>\n<div><span style=\"font-size: large; color: #000000;\">\u00a0<\/span><\/div>\n<div align=\"center\"><span style=\"font-size: large; color: #000000;\">\u00a0<strong>Z\u00e1kladn\u00ed povinnosti a pr\u00e1va u\u017eivatel\u016f knihovny<\/strong><\/span><\/div>\n<div><span style=\"font-size: large; color: #000000;\">\u00a0<\/span><\/div>\n<div><span style=\"font-size: large; color: #000000;\">1.\u00a0\u00a0\u00a0\u00a0\u00a0U\u017eivatel\u00e9 jsou povinni \u0159\u00eddit se Knihovn\u00edm \u0159\u00e1dem a dodr\u017eovat pokyny knihovn\u00edka. Mus\u00ed se podrobit stanoven\u00fdm opat\u0159en\u00edm, kter\u00e1 jsou pot\u0159ebn\u00e1 pro udr\u017een\u00ed po\u0159\u00e1dku a ochranu majetku.<\/span><\/div>\n<div><span style=\"font-size: large; color: #000000;\">2.\u00a0\u00a0\u00a0\u00a0\u00a0\u00a0Jestli\u017ee u\u017eivatel nedodr\u017euje tato opat\u0159en\u00ed, m\u016f\u017ee b\u00fdt trvale nebo do\u010dasn\u011b zbaven pr\u00e1va pou\u017e\u00edvat slu\u017eeb knihovny. T\u00edm nen\u00ed zbaven odpov\u011bdnosti za zp\u016fsobenou \u0161kodu a povinnosti nahradit ji podle platn\u00fdch p\u0159edpis\u016f.<\/span><\/div>\n<div><span style=\"font-size: large; color: #000000;\">3.\u00a0\u00a0\u00a0\u00a0\u00a0P\u0159ipom\u00ednky, podn\u011bty a n\u00e1vrhy k pr\u00e1ci knihovny je mo\u017en\u00e9 pod\u00e1vat p\u00edsemn\u011b nebo \u00fastn\u011b knihovn\u00edkovi.\u00a0<\/span><\/div>\n<div><span style=\"font-size: large; color: #000000;\">4.\u00a0\u00a0\u00a0\u00a0\u00a0Z\u00edskan\u00e9 informace a data slou\u017e\u00ed v\u00fdhradn\u011b k osobn\u00ed pot\u0159eb\u011b u\u017eivatele a k jeho studijn\u00edm \u00fa\u010del\u016fm.<\/span><\/div>\n<div><span style=\"font-size: large; color: #000000;\">5.\u00a0\u00a0\u00a0\u00a0\u00a0U\u017eivatel je povinen respektovat autorskopr\u00e1vn\u00ed ochranu dat.<\/span><\/div>\n<div><span style=\"font-size: large; color: #000000;\">\u00a0<\/span><\/div>\n<div align=\"center\"><span style=\"font-size: large; color: #000000;\"><strong>III. V\u00fdp\u016fj\u010dn\u00ed \u0159\u00e1d<\/strong><\/span><\/div>\n<div><span style=\"font-size: large; color: #000000;\">\u00a0<\/span><\/div>\n<div align=\"center\"><span style=\"font-size: large; color: #000000;\"><strong>\u00a0<em>\u010cl\u00e1nek 5<\/em><\/strong><\/span><\/div>\n<div><span style=\"font-size: large; color: #000000;\">\u00a0<\/span><\/div>\n<div align=\"center\"><span style=\"font-size: large; color: #000000;\">\u00a0<strong>Zp\u0159\u00edstupn\u011bn\u00e9 knihovn\u00ed dokumenty<\/strong><\/span><\/div>\n<div><span style=\"font-size: large; color: #000000;\">\u00a0<\/span><\/div>\n<div><span style=\"font-size: large; color: #000000;\">1.\u00a0\u00a0\u00a0\u00a0\u00a0Knihovna p\u016fj\u010duje knihovn\u00ed dokumenty z vlastn\u00edho knihovn\u00edho fondu, z knihovn\u00edho fondu jin\u00e9 knihovny\u00a0\u00a0\u00a0\u00a0\u00a0\u00a0 prost\u0159ednictv\u00edm MVS nebo prost\u0159ednictv\u00edm v\u00fdm\u011bnn\u00fdch soubor\u016f.<\/span><\/div>\n<div><span style=\"font-size: large; color: #000000;\">2.\u00a0\u00a0\u00a0 Meziknihovn\u00ed slu\u017ebu zprost\u0159edkuje knihovna na po\u017e\u00e1d\u00e1n\u00ed u\u017eivatele.<\/span><\/div>\n<div><span style=\"font-size: large; color: #000000;\">\u00a0<\/span><\/div>\n<div align=\"center\"><span style=\"font-size: large; color: #000000;\"><em><strong>\u010cl\u00e1nek 6<\/strong><\/em><\/span><\/div>\n<div><span style=\"font-size: large; color: #000000;\">\u00a0<\/span><\/div>\n<div align=\"center\"><span style=\"font-size: large; color: #000000;\">\u00a0<strong>Rozhodnut\u00ed o p\u016fj\u010dov\u00e1n\u00ed<\/strong><\/span><\/div>\n<div><span style=\"font-size: large; color: #000000;\">\u00a0<\/span><\/div>\n<div><span style=\"font-size: large; color: #000000;\">1.\u00a0\u00a0\u00a0\u00a0 Mimo knihovnu si m\u016f\u017ee u\u017eivatel p\u016fj\u010dit v\u0161echny dokumenty s v\u00fdjimkou dokument\u016f:<\/span><\/div>\n<div><span style=\"font-size: large; color: #000000;\">a)\u00a0\u00a0\u00a0\u00a0\u00a0kter\u00fdm by hrozilo nebezpe\u010d\u00ed nenahraditeln\u00e9 ztr\u00e1ty nebo po\u0161kozen\u00ed<\/span><\/div>\n<div><span style=\"font-size: large; color: #000000;\">b)\u00a0\u00a0\u00a0\u00a0\u00a0kter\u00e9 jsou zapot\u0159eb\u00ed k b\u011b\u017en\u00e9mu provozu knihovny<\/span><\/div>\n<div><span style=\"font-size: large; color: #000000;\">c)\u00a0\u00a0\u00a0\u00a0\u00a0jejich\u017e p\u016fj\u010dov\u00e1n\u00ed by bylo v rozporu s obecn\u00fdmi pr\u00e1vn\u00edmi p\u0159edpisy ( poru\u0161en\u00ed autorsk\u00fdch pr\u00e1v, \u0161\u00ed\u0159en\u00ed fa\u0161istick\u00e9, rasistick\u00e9, pornografick\u00e9 literatury a pod. )<\/span><\/div>\n<div><span style=\"font-size: large; color: #000000;\">d)\u00a0\u00a0\u00a0\u00a0kter\u00e9 byly vyp\u016fj\u010deny z jin\u00fdch knihoven prost\u0159ednictv\u00edm MVS s podm\u00ednkou v\u00fdp\u016fj\u010dky pouze v prostor\u00e1ch knihovny.<\/span><\/div>\n<div><span style=\"font-size: large; color: #000000;\">\u00a0<\/span><\/div>\n<div align=\"center\"><span style=\"font-size: large; color: #000000;\">\u00a0<em><strong>\u010cl\u00e1nek 7<\/strong><\/em><\/span><\/div>\n<div><span style=\"font-size: large; color: #000000;\">\u00a0<\/span><\/div>\n<div align=\"center\"><span style=\"font-size: large; color: #000000;\"><strong>\u00a0Postupy pro p\u016fj\u010dov\u00e1n\u00ed<\/strong><\/span><\/div>\n<div><span style=\"font-size: large; color: #000000;\">\u00a0<\/span><\/div>\n<div><span style=\"font-size: large; color: #000000;\">1.\u00a0\u00a0\u00a0\u00a0 P\u0159ed p\u0159evzet\u00edm v\u00fdp\u016fj\u010dky si m\u00e1 u\u017eivatel dokument prohl\u00e9dnout a ihned ohl\u00e1sit v\u0161echny z\u00e1vady.<\/span><\/div>\n<div><span style=\"font-size: large; color: #000000;\">2.\u00a0\u00a0\u00a0\u00a0\u00a0U\u017eivatel m\u016f\u017ee \u00fastn\u011b po\u017e\u00e1dat o rezervaci dokumentu.<\/span><\/div>\n<div><span style=\"font-size: large; color: #000000;\">\u00a0<\/span><\/div>\n<div align=\"center\"><span style=\"font-size: large; color: #000000;\"><em><strong>\u010cl\u00e1nek 8<\/strong><\/em><\/span><\/div>\n<div><span style=\"font-size: large; color: #000000;\">\u00a0<\/span><\/div>\n<div align=\"center\"><span style=\"font-size: large; color: #000000;\">\u00a0<strong>V\u00fdp\u016fj\u010dn\u00ed lh\u016fty<\/strong><\/span><\/div>\n<div><span style=\"font-size: large; color: #000000;\">\u00a0<\/span><\/div>\n<div><span style=\"font-size: large; color: #000000;\">1.\u00a0\u00a0\u00a0\u00a0\u00a0V\u00fdp\u016fj\u010dn\u00ed lh\u016fta pro p\u016fj\u010dov\u00e1n\u00ed mimo knihovnu je zpravidla 1 m\u011bs\u00edc. Tato lh\u016fta m\u016f\u017ee b\u00fdt prodlou\u017eena t\u0159ikr\u00e1t o jeden m\u011bs\u00edc, po\u017e\u00e1d\u00e1-li o to u\u017eivatel p\u0159ed jej\u00edm uplynut\u00edm a ne\u017e\u00e1d\u00e1-li dokument jin\u00fd u\u017eivatel.<\/span><\/div>\n<div><span style=\"font-size: large; color: #000000;\">2.\u00a0\u00a0\u00a0\u00a0\u00a0Knihovna je opr\u00e1vn\u011bna bez ud\u00e1n\u00ed d\u016fvodu stanovit krat\u0161\u00ed v\u00fdp\u016fj\u010dn\u00ed lh\u016ftu, p\u0159\u00edpadn\u011b \u017e\u00e1dat vr\u00e1cen\u00ed p\u016fj\u010den\u00e9ho\u00a0\u00a0dokumentu p\u0159ed uplynut\u00edm v\u00fdp\u016fj\u010dn\u00ed lh\u016fty.<\/span><\/div>\n<div><span style=\"font-size: large; color: #000000;\">\u00a0<\/span><\/div>\n<div align=\"center\"><span style=\"font-size: large; color: #000000;\"><strong>\u00a0<em>\u010cl\u00e1nek 9<\/em><\/strong><\/span><\/div>\n<div><span style=\"font-size: large; color: #000000;\">\u00a0<\/span><\/div>\n<div align=\"center\"><span style=\"font-size: large; color: #000000;\">\u00a0<strong>Vr\u00e1cen\u00ed vyp\u016fj\u010den\u00e9ho dokumentu<\/strong><\/span><\/div>\n<div><span style=\"font-size: large; color: #000000;\">\u00a0<\/span><\/div>\n<div><span style=\"font-size: large; color: #000000;\">1.\u00a0\u00a0\u00a0\u00a0\u00a0U\u017eivatel je povinen vr\u00e1tit vyp\u016fj\u010den\u00fd dokument v takov\u00e9m stavu, v jak\u00e9m si jej vyp\u016fj\u010dil. Jinak nese odpov\u011bdnost za v\u0161echny zji\u0161t\u011bn\u00e9 z\u00e1vady a je povinen uhradit knihovn\u011b n\u00e1klady na opravu dokumentu.<\/span><\/div>\n<div><span style=\"font-size: large; color: #000000;\">2.\u00a0\u00a0\u00a0\u00a0\u00a0Je zak\u00e1z\u00e1no zpracov\u00e1vat text vyp\u016fj\u010den\u00e9ho dokumentu podtrh\u00e1v\u00e1n\u00edm, zv\u00fdraz\u0148ov\u00e1n\u00edm, psan\u00edm pozn\u00e1mek na\u00a0\u00a0\u00a0\u00a0\u00a0\u00a0 okraj anebo jin\u00fdm zp\u016fsobem do dokumentu zasahovat.<\/span><\/div>\n<div><span style=\"font-size: large; color: #000000;\">\u00a0<\/span><\/div>\n<div align=\"center\"><span style=\"font-size: large; color: #000000;\">\u00a0<em><strong>\u010cl\u00e1nek 10<\/strong><\/em><\/span><\/div>\n<div><span style=\"font-size: large; color: #000000;\">\u00a0<\/span><\/div>\n<div align=\"center\"><span style=\"font-size: large; color: #000000;\">\u00a0<strong>Pr\u00e1va a povinnosti u\u017eivatel\u016f pro p\u016fj\u010dov\u00e1n\u00ed mimo knihovnu<\/strong><\/span><\/div>\n<div><span style=\"font-size: large; color: #000000;\">\u00a0<\/span><\/div>\n<div><span style=\"font-size: large; color: #000000;\">&#8211;\u00a0\u00a0\u00a0\u00a0\u00a0U\u017eivatel nesm\u00ed vyp\u016fj\u010den\u00fd dokument p\u016fj\u010dovat dal\u0161\u00edm osob\u00e1m. Ru\u010d\u00ed za n\u011bj po celou dobu vyp\u016fj\u010dky.<\/span><\/div>\n<div><span style=\"font-size: large; color: #000000;\">&#8211;\u00a0\u00a0\u00a0\u00a0\u00a0Jestli\u017ee u\u017eivatel nevr\u00e1t\u00ed p\u016fj\u010den\u00fd dokument ve stanoven\u00e9 lh\u016ft\u011b, \u00fa\u010dtuje knihovna u\u017eivateli poplatek z\u00a0prodlen\u00ed.<\/span><\/div>\n<div><span style=\"font-size: large; color: #000000;\">&#8211;\u00a0\u00a0\u00a0\u00a0 Jestli\u017ee u\u017eivatel ani po upomenut\u00ed p\u016fj\u010den\u00fd dokument nevr\u00e1t\u00ed, bude se vr\u00e1cen\u00ed vym\u00e1hat pr\u00e1vn\u00ed cestou. P\u0159i vym\u00e1h\u00e1n\u00ed p\u016fj\u010den\u00e9ho dokumentu pr\u00e1vn\u00ed cestou \u00fa\u010dtuje knihovna manipula\u010dn\u00ed poplatek jako n\u00e1hradu za n\u00e1klady spojen\u00e9 s p\u0159\u00edpravou tohoto vym\u00e1h\u00e1n\u00ed i n\u00e1klady pr\u00e1vn\u00edho zastoupen\u00ed.\u00a0<\/span><\/div>\n<div><span style=\"font-size: large; color: #000000;\">&#8211;\u00a0\u00a0\u00a0\u00a0\u00a0Do vypo\u0159\u00e1d\u00e1n\u00ed pohled\u00e1vek m\u00e1 knihovna pr\u00e1vo pozastavit u\u017eivateli poskytov\u00e1n\u00ed v\u0161ech slu\u017eeb.<\/span><\/div>\n<div><span style=\"font-size: large; color: #000000;\">\u00a0<\/span><\/div>\n<div align=\"center\"><span style=\"font-size: large; color: #000000;\">\u00a0<strong>IV. Postihy nedodr\u017een\u00ed ustanoven\u00ed Knihovn\u00edho \u0159\u00e1du<\/strong><\/span><\/div>\n<div><span style=\"font-size: large; color: #000000;\">\u00a0<\/span><\/div>\n<div align=\"center\"><span style=\"font-size: large; color: #000000;\">\u00a0<em><strong>\u010cl\u00e1nek 11<\/strong><\/em><\/span><\/div>\n<div>\n<div>\n<div align=\"center\"><span style=\"font-size: large; color: #000000;\">\u00a0<strong>Ztr\u00e1ty a n\u00e1hrady<\/strong><\/span><\/div>\n<div><span style=\"font-size: large; color: #000000;\">\u00a0<\/span><\/div>\n<div><span style=\"font-size: large; color: #000000;\">1.\u00a0\u00a0\u00a0\u00a0\u00a0U\u017eivatel je povinen bezodkladn\u011b hl\u00e1sit ztr\u00e1tu nebo po\u0161kozen\u00ed dokumentu a ve lh\u016ft\u011b stanoven\u00e9 knihovnou\u00a0\u00a0\u00a0\u00a0\u00a0 nahradit \u0161kodu.<\/span><\/div>\n<div><span style=\"font-size: large; color: #000000;\">2.\u00a0\u00a0\u00a0\u00a0\u00a0O zp\u016fsobu n\u00e1hrady dokumentu rozhoduje knihovna. M\u016f\u017ee po\u017eadovat n\u00e1hradu \u0161kody uveden\u00edm do p\u016fvodn\u00edho stavu, jestli\u017ee uveden\u00ed do p\u016fvodn\u00edho stavu nen\u00ed mo\u017en\u00e9 nebo \u00fa\u010deln\u00e9, m\u016f\u017ee knihovna po\u017eadovat tot\u00e9\u017e d\u00edlo v jin\u00e9m vyd\u00e1n\u00ed, jin\u00e9 d\u00edlo nebo finan\u010dn\u00ed n\u00e1hradu. Finan\u010dn\u00ed n\u00e1hradu stanovuje knihovna.<\/span><\/div>\n<div><span style=\"font-size: large; color: #000000;\">3.\u00a0\u00a0\u00a0\u00a0\u00a0U\u017eivatel je povinen hradit i v\u0161echny n\u00e1klady, kter\u00e9 knihovn\u011b v souvislosti se ztr\u00e1tou vznikly.<\/span><\/div>\n<div><span style=\"font-size: large; color: #000000;\">\u00a0<\/span><\/div>\n<div align=\"center\"><span style=\"font-size: large; color: #000000;\"><em><strong>\u010cl\u00e1nek 12<\/strong><\/em><\/span><\/div>\n<div><span style=\"font-size: large; color: #000000;\">\u00a0<\/span><\/div>\n<div align=\"center\"><span style=\"font-size: large; color: #000000;\">\u00a0<strong>Poplatky za p\u0159estupky proti Knihovn\u00edmu \u0159\u00e1du<\/strong><\/span><\/div>\n<div><span style=\"font-size: large; color: #000000;\">\u00a0<\/span><\/div>\n<div><span style=\"font-size: large; color: #000000;\">1.\u00a0\u00a0\u00a0\u00a0\u00a0Poplatek z prodlen\u00ed : povinnost platit poplatek z prodlen\u00ed nast\u00e1v\u00e1 dnem, kter\u00fd n\u00e1sleduje po skon\u010den\u00ed\u00a0\u00a0\u00a0\u00a0\u00a0\u00a0 stanoven\u00e9 v\u00fdp\u016fj\u010dn\u00ed lh\u016fty. P\u0159ipad\u00e1-li posledn\u00ed den stanoven\u00e9 lh\u016fty na den, kdy je knihovna zav\u0159en\u00e1, posunuje se na nejbli\u017e\u0161\u00ed dal\u0161\u00ed v\u00fdp\u016fj\u010dn\u00ed den.<\/span><\/div>\n<div><span style=\"font-size: large; color: #000000;\">2.\u00a0\u00a0\u00a0\u00a0\u00a0Vym\u00e1h\u00e1n\u00ed nevr\u00e1cen\u00fdch v\u00fdp\u016fj\u010dek : nez\u00e1visle na vym\u00e1h\u00e1n\u00ed poplatk\u016f z prodlen\u00ed vym\u00e1h\u00e1 knihovna upom\u00ednkami vr\u00e1cen\u00ed dokument\u016f. Po \u010dty\u0159ech bezv\u00fdsledn\u00fdch upom\u00ednk\u00e1ch ( z nich\u017e posledn\u00ed je doporu\u010den\u00fd dopis obecn\u00edho \u00fa\u0159adu ) n\u00e1sleduje vym\u00e1h\u00e1n\u00ed pr\u00e1vn\u00ed cestou.<\/span><\/div>\n<div><span style=\"font-size: large; color: #000000;\">3.\u00a0\u00a0\u00a0\u00a0\u00a0Ztr\u00e1ta pr\u016fkazu u\u017eivatele : za vystaven\u00ed duplik\u00e1tu ztracen\u00e9ho pr\u016fkazu \u00fa\u010dtuje knihovna manipula\u010dn\u00ed poplatek.<\/span><\/div>\n<div><span style=\"font-size: large; color: #000000;\">\u00a0<\/span><\/div>\n<div align=\"center\"><span style=\"font-size: large; color: #000000;\"><strong>\u00a0<em>\u010cl\u00e1nek 13<\/em><\/strong><\/span><\/div>\n<div><span style=\"font-size: large; color: #000000;\">\u00a0<\/span><\/div>\n<div align=\"center\"><span style=\"font-size: large; color: #000000;\">\u00a0<strong>N\u00e1hrada v\u0161eobecn\u00fdch \u0161kod<\/strong><\/span><\/div>\n<div><span style=\"font-size: large; color: #000000;\">\u00a0<\/span><\/div>\n<div><span style=\"font-size: large; color: #000000;\">1.\u00a0\u00a0\u00a0\u00a0\u00a0Za \u0161kody zp\u016fsoben\u00e9 na ostatn\u00edm majetku knihovny odpov\u00edd\u00e1 u\u017eivatel podle obecn\u011b platn\u00fdch p\u0159edpis\u016f.<br \/>\n<\/span><\/div>\n<\/div>\n<\/div>\n","protected":false},"excerpt":{"rendered":"<p>I. Z\u00e1kladn\u00ed ustanoven\u00ed \u00a0\u010cl\u00e1nek 1\u00a0 \u00a0Posl\u00e1n\u00ed a \u010dinnost knihovny\u00a0 \u00a0 Knihovna je knihovnou z\u00e1kladn\u00ed ve smyslu \u00a7 3 a 12 z\u00e1kona \u010d. 257\/2001 Sb. ve zn\u011bn\u00ed pozd\u011bj\u0161\u00edch p\u0159edpis\u016f\u00a0\u00a0 (knihovn\u00ed z\u00e1kon) a je z\u0159\u00edzena za \u00fa\u010delem poskytovat rovn\u00fdm zp\u016fsobem v\u0161em ob\u010dan\u016fm &hellip; <a href=\"https:\/\/sviadnov.knihovna.info\/?page_id=16\">Cel\u00fd p\u0159\u00edsp\u011bvek <span class=\"meta-nav\">&rarr;<\/span><\/a><\/p>\n","protected":false},"author":1,"featured_media":0,"parent":0,"menu_order":0,"comment_status":"closed","ping_status":"closed","template":"","meta":{"ngg_post_thumbnail":0,"footnotes":""},"class_list":["post-16","page","type-page","status-publish","hentry"],"_links":{"self":[{"href":"https:\/\/sviadnov.knihovna.info\/index.php?rest_route=\/wp\/v2\/pages\/16","targetHints":{"allow":["GET"]}}],"collection":[{"href":"https:\/\/sviadnov.knihovna.info\/index.php?rest_route=\/wp\/v2\/pages"}],"about":[{"href":"https:\/\/sviadnov.knihovna.info\/index.php?rest_route=\/wp\/v2\/types\/page"}],"author":[{"embeddable":true,"href":"https:\/\/sviadnov.knihovna.info\/index.php?rest_route=\/wp\/v2\/users\/1"}],"replies":[{"embeddable":true,"href":"https:\/\/sviadnov.knihovna.info\/index.php?rest_route=%2Fwp%2Fv2%2Fcomments&post=16"}],"version-history":[{"count":8,"href":"https:\/\/sviadnov.knihovna.info\/index.php?rest_route=\/wp\/v2\/pages\/16\/revisions"}],"predecessor-version":[{"id":18,"href":"https:\/\/sviadnov.knihovna.info\/index.php?rest_route=\/wp\/v2\/pages\/16\/revisions\/18"}],"wp:attachment":[{"href":"https:\/\/sviadnov.knihovna.info\/index.php?rest_route=%2Fwp%2Fv2%2Fmedia&parent=16"}],"curies":[{"name":"wp","href":"https:\/\/api.w.org\/{rel}","templated":true}]}}