

{"id":23,"date":"2012-01-10T19:55:02","date_gmt":"2012-01-10T19:55:02","guid":{"rendered":"http:\/\/sviadnov.knihovna.info\/?page_id=23"},"modified":"2019-08-31T15:10:30","modified_gmt":"2019-08-31T15:10:30","slug":"provozni-doba","status":"publish","type":"page","link":"https:\/\/sviadnov.knihovna.info\/?page_id=23","title":{"rendered":"P\u016fj\u010dovn\u00ed doba"},"content":{"rendered":"<table style=\"width: 349.2px; height: 298px;\" border=\"0\">\n<tbody>\n<tr style=\"background-color: #f5f5f5;\">\n<td style=\"width: 230px;\" valign=\"middle\"><strong>&nbsp;Pond\u011bl\u00ed<\/strong><\/td>\n<td style=\"width: 101.2px;\" valign=\"middle\"><span style=\"font-size: 12pt;\">13:00 &#8211; 17:00<\/span><\/td>\n<\/tr>\n<tr>\n<td style=\"width: 230px;\" valign=\"middle\"><strong>&nbsp;\u00dater\u00fd<\/strong><\/td>\n<td style=\"width: 101.2px;\" valign=\"middle\">&nbsp;&nbsp;<span style=\"font-size: 12pt;\">8:00 &#8211; 12:00<\/span><\/td>\n<\/tr>\n<tr style=\"background-color: #f5f5f5;\">\n<td style=\"width: 230px;\" valign=\"middle\"><strong>&nbsp;St\u0159eda<\/strong><\/td>\n<td style=\"width: 101.2px;\" valign=\"middle\"><span style=\"font-size: 12pt;\">12:00 &#8211; 17:00<\/span><\/td>\n<\/tr>\n<tr>\n<td style=\"width: 230px;\" valign=\"middle\"><strong>&nbsp;\u010ctvrtek<\/strong><\/td>\n<td style=\"width: 101.2px;\" valign=\"middle\"><span style=\"font-size: 12pt;\">12:00 &#8211; 16:00<\/span><\/td>\n<\/tr>\n<tr style=\"background-color: #f5f5f5;\">\n<td style=\"width: 230px;\" valign=\"middle\"><strong>&nbsp;P\u00e1tek&nbsp;<\/strong><\/td>\n<td style=\"width: 101.2px;\" valign=\"middle\"><span style=\"font-size: 12pt;\">&nbsp;8:00 &#8211; 12:00<br \/>\n<\/span><\/td>\n<\/tr>\n<tr>\n<td style=\"width: 230px;\" valign=\"middle\"><strong>&nbsp;Sobota<\/strong><\/td>\n<td style=\"width: 101.2px;\" valign=\"middle\">&nbsp;<span style=\"font-size: 12pt;\">zav\u0159eno<\/span><\/td>\n<\/tr>\n<\/tbody>\n<\/table>\n<p>&nbsp;<\/p>\n<p>&nbsp;<\/p>\n","protected":false},"excerpt":{"rendered":"<p>&nbsp;Pond\u011bl\u00ed 13:00 &#8211; 17:00 &nbsp;\u00dater\u00fd &nbsp;&nbsp;8:00 &#8211; 12:00 &nbsp;St\u0159eda 12:00 &#8211; 17:00 &nbsp;\u010ctvrtek 12:00 &#8211; 16:00 &nbsp;P\u00e1tek&nbsp; &nbsp;8:00 &#8211; 12:00 &nbsp;Sobota &nbsp;zav\u0159eno &nbsp; &nbsp;<\/p>\n","protected":false},"author":1,"featured_media":0,"parent":0,"menu_order":0,"comment_status":"closed","ping_status":"closed","template":"","meta":{"ngg_post_thumbnail":0,"footnotes":""},"class_list":["post-23","page","type-page","status-publish","hentry"],"_links":{"self":[{"href":"https:\/\/sviadnov.knihovna.info\/index.php?rest_route=\/wp\/v2\/pages\/23","targetHints":{"allow":["GET"]}}],"collection":[{"href":"https:\/\/sviadnov.knihovna.info\/index.php?rest_route=\/wp\/v2\/pages"}],"about":[{"href":"https:\/\/sviadnov.knihovna.info\/index.php?rest_route=\/wp\/v2\/types\/page"}],"author":[{"embeddable":true,"href":"https:\/\/sviadnov.knihovna.info\/index.php?rest_route=\/wp\/v2\/users\/1"}],"replies":[{"embeddable":true,"href":"https:\/\/sviadnov.knihovna.info\/index.php?rest_route=%2Fwp%2Fv2%2Fcomments&post=23"}],"version-history":[{"count":32,"href":"https:\/\/sviadnov.knihovna.info\/index.php?rest_route=\/wp\/v2\/pages\/23\/revisions"}],"predecessor-version":[{"id":1088,"href":"https:\/\/sviadnov.knihovna.info\/index.php?rest_route=\/wp\/v2\/pages\/23\/revisions\/1088"}],"wp:attachment":[{"href":"https:\/\/sviadnov.knihovna.info\/index.php?rest_route=%2Fwp%2Fv2%2Fmedia&parent=23"}],"curies":[{"name":"wp","href":"https:\/\/api.w.org\/{rel}","templated":true}]}}