

{"id":247,"date":"2012-08-21T16:48:53","date_gmt":"2012-08-21T16:48:53","guid":{"rendered":"http:\/\/sviadnov.knihovna.info\/?page_id=247"},"modified":"2012-08-21T16:53:07","modified_gmt":"2012-08-21T16:53:07","slug":"pujcovani-knih-a-casopisu","status":"publish","type":"page","link":"https:\/\/sviadnov.knihovna.info\/?page_id=247","title":{"rendered":"P\u016fj\u010dov\u00e1n\u00ed knih a \u010dasopis\u016f"},"content":{"rendered":"<p>Pro dosp\u011bl\u00e9 \u010dten\u00e1\u0159e i d\u011bti knihovna nab\u00edz\u00ed absen\u010dn\u00ed i prezen\u010dn\u00ed p\u016fj\u010dov\u00e1n\u00ed: beletrie, nau\u010dn\u00e9 literatury, poezie, doporu\u010denou \u0161koln\u00ed \u010detbu, literaturu z\u00a0region\u00e1ln\u00edho fondu, periodika.<\/p>\n<p>Knihovn\u00ed fond je neust\u00e1le dopl\u0148ov\u00e1n novou a \u017e\u00e1danou literaturou. Knihy se nakupuj\u00ed ka\u017ed\u00fd m\u011bs\u00edc dle z\u00e1jm\u016f a po\u017eadavk\u016f \u010dten\u00e1\u0159\u016f a rovn\u011b\u017e podle aktu\u00e1ln\u00ed nab\u00eddky na trhu.<\/p>\n<h1>Seznam periodik<\/h1>\n<h4>Periodika pro dosp\u011bl\u00e9<\/h4>\n<p>100+1<br \/>\nFitstyl<br \/>\nFl\u00f3ra na zahrad\u011b<br \/>\nKv\u011bty<br \/>\nMoje psychologie<br \/>\nPraktick\u00e1 \u017eena<br \/>\nVlasta<br \/>\nTina<br \/>\nXantypa<br \/>\nZahr\u00e1dk\u00e1\u0159<br \/>\nZdrav\u00ed<\/p>\n<h4>Periodika pro d\u011bti a ml\u00e1de\u017e<\/h4>\n<p>\u010cty\u0159l\u00edstek<br \/>\nBravo<br \/>\nBravo girl<br \/>\nSv\u011bt kon\u00ed<br \/>\nKa\u010der Donald<\/p>\n","protected":false},"excerpt":{"rendered":"<p>Pro dosp\u011bl\u00e9 \u010dten\u00e1\u0159e i d\u011bti knihovna nab\u00edz\u00ed absen\u010dn\u00ed i prezen\u010dn\u00ed p\u016fj\u010dov\u00e1n\u00ed: beletrie, nau\u010dn\u00e9 literatury, poezie, doporu\u010denou \u0161koln\u00ed \u010detbu, literaturu z\u00a0region\u00e1ln\u00edho fondu, periodika. Knihovn\u00ed fond je neust\u00e1le dopl\u0148ov\u00e1n novou a \u017e\u00e1danou literaturou. Knihy se nakupuj\u00ed ka\u017ed\u00fd m\u011bs\u00edc dle z\u00e1jm\u016f a po\u017eadavk\u016f &hellip; <a href=\"https:\/\/sviadnov.knihovna.info\/?page_id=247\">Cel\u00fd p\u0159\u00edsp\u011bvek <span class=\"meta-nav\">&rarr;<\/span><\/a><\/p>\n","protected":false},"author":1,"featured_media":0,"parent":0,"menu_order":0,"comment_status":"closed","ping_status":"closed","template":"","meta":{"ngg_post_thumbnail":0,"footnotes":""},"class_list":["post-247","page","type-page","status-publish","hentry"],"_links":{"self":[{"href":"https:\/\/sviadnov.knihovna.info\/index.php?rest_route=\/wp\/v2\/pages\/247","targetHints":{"allow":["GET"]}}],"collection":[{"href":"https:\/\/sviadnov.knihovna.info\/index.php?rest_route=\/wp\/v2\/pages"}],"about":[{"href":"https:\/\/sviadnov.knihovna.info\/index.php?rest_route=\/wp\/v2\/types\/page"}],"author":[{"embeddable":true,"href":"https:\/\/sviadnov.knihovna.info\/index.php?rest_route=\/wp\/v2\/users\/1"}],"replies":[{"embeddable":true,"href":"https:\/\/sviadnov.knihovna.info\/index.php?rest_route=%2Fwp%2Fv2%2Fcomments&post=247"}],"version-history":[{"count":7,"href":"https:\/\/sviadnov.knihovna.info\/index.php?rest_route=\/wp\/v2\/pages\/247\/revisions"}],"predecessor-version":[{"id":254,"href":"https:\/\/sviadnov.knihovna.info\/index.php?rest_route=\/wp\/v2\/pages\/247\/revisions\/254"}],"wp:attachment":[{"href":"https:\/\/sviadnov.knihovna.info\/index.php?rest_route=%2Fwp%2Fv2%2Fmedia&parent=247"}],"curies":[{"name":"wp","href":"https:\/\/api.w.org\/{rel}","templated":true}]}}