

{"id":257,"date":"2012-08-21T16:55:34","date_gmt":"2012-08-21T16:55:34","guid":{"rendered":"http:\/\/sviadnov.knihovna.info\/?page_id=257"},"modified":"2012-08-21T16:56:54","modified_gmt":"2012-08-21T16:56:54","slug":"rezervace-prolongace","status":"publish","type":"page","link":"https:\/\/sviadnov.knihovna.info\/?page_id=257","title":{"rendered":"Rezervace, prolongace"},"content":{"rendered":"<h1>Rezervace<\/h1>\n<p>Telefonicky, emailem nebo p\u0159i osobn\u00ed n\u00e1v\u0161t\u011bv\u011b si m\u016f\u017eete rezervovat dokumenty z\u00a0fondu Obecn\u00ed knihovny.<\/p>\n<p>&nbsp;<\/p>\n<h1>Prolongace v\u00fdp\u016fj\u010dek<\/h1>\n<p>O prodlou\u017een\u00ed v\u00fdp\u016fj\u010dn\u00ed lh\u016fty (prolongaci) m\u016f\u017eete po\u017e\u00e1dat telefonicky nebo emailem.<\/p>\n","protected":false},"excerpt":{"rendered":"<p>Rezervace Telefonicky, emailem nebo p\u0159i osobn\u00ed n\u00e1v\u0161t\u011bv\u011b si m\u016f\u017eete rezervovat dokumenty z\u00a0fondu Obecn\u00ed knihovny. &nbsp; Prolongace v\u00fdp\u016fj\u010dek O prodlou\u017een\u00ed v\u00fdp\u016fj\u010dn\u00ed lh\u016fty (prolongaci) m\u016f\u017eete po\u017e\u00e1dat telefonicky nebo emailem.<\/p>\n","protected":false},"author":1,"featured_media":0,"parent":0,"menu_order":0,"comment_status":"closed","ping_status":"closed","template":"","meta":{"ngg_post_thumbnail":0,"footnotes":""},"class_list":["post-257","page","type-page","status-publish","hentry"],"_links":{"self":[{"href":"https:\/\/sviadnov.knihovna.info\/index.php?rest_route=\/wp\/v2\/pages\/257","targetHints":{"allow":["GET"]}}],"collection":[{"href":"https:\/\/sviadnov.knihovna.info\/index.php?rest_route=\/wp\/v2\/pages"}],"about":[{"href":"https:\/\/sviadnov.knihovna.info\/index.php?rest_route=\/wp\/v2\/types\/page"}],"author":[{"embeddable":true,"href":"https:\/\/sviadnov.knihovna.info\/index.php?rest_route=\/wp\/v2\/users\/1"}],"replies":[{"embeddable":true,"href":"https:\/\/sviadnov.knihovna.info\/index.php?rest_route=%2Fwp%2Fv2%2Fcomments&post=257"}],"version-history":[{"count":4,"href":"https:\/\/sviadnov.knihovna.info\/index.php?rest_route=\/wp\/v2\/pages\/257\/revisions"}],"predecessor-version":[{"id":265,"href":"https:\/\/sviadnov.knihovna.info\/index.php?rest_route=\/wp\/v2\/pages\/257\/revisions\/265"}],"wp:attachment":[{"href":"https:\/\/sviadnov.knihovna.info\/index.php?rest_route=%2Fwp%2Fv2%2Fmedia&parent=257"}],"curies":[{"name":"wp","href":"https:\/\/api.w.org\/{rel}","templated":true}]}}