

{"id":269,"date":"2012-08-21T17:00:34","date_gmt":"2012-08-21T17:00:34","guid":{"rendered":"http:\/\/sviadnov.knihovna.info\/?page_id=269"},"modified":"2012-08-21T17:00:48","modified_gmt":"2012-08-21T17:00:48","slug":"internet-programy-ms-office","status":"publish","type":"page","link":"https:\/\/sviadnov.knihovna.info\/?page_id=269","title":{"rendered":"Internet, programy MS Office"},"content":{"rendered":"<p>V\u00a0Obecn\u00ed knihovn\u011b jsou ve\u0159ejnosti k\u00a0dispozici po\u010d\u00edta\u010de s\u00a0textov\u00fdm editorem Microsoft Office Word, Excel, s\u00a0mo\u017enost\u00ed tisku z\u00a0\u010dernob\u00edl\u00e9 tisk\u00e1rny, ulo\u017een\u00edm na disketu nebo USB flash disk. V\u00a0p\u0159\u00edpad\u011b uhrazen\u00ed \u010dten\u00e1\u0159sk\u00e9ho registra\u010dn\u00edho poplatku je internet pro v\u0161echny kategorie zdarma.<\/p>\n<p><strong>Tisk z \u010dernob\u00edl\u00e9 tisk\u00e1rny<\/strong> je zpoplatn\u011bn \u010d\u00e1stkou 5,- K\u010d.<\/p>\n","protected":false},"excerpt":{"rendered":"<p>V\u00a0Obecn\u00ed knihovn\u011b jsou ve\u0159ejnosti k\u00a0dispozici po\u010d\u00edta\u010de s\u00a0textov\u00fdm editorem Microsoft Office Word, Excel, s\u00a0mo\u017enost\u00ed tisku z\u00a0\u010dernob\u00edl\u00e9 tisk\u00e1rny, ulo\u017een\u00edm na disketu nebo USB flash disk. V\u00a0p\u0159\u00edpad\u011b uhrazen\u00ed \u010dten\u00e1\u0159sk\u00e9ho registra\u010dn\u00edho poplatku je internet pro v\u0161echny kategorie zdarma. Tisk z \u010dernob\u00edl\u00e9 tisk\u00e1rny je zpoplatn\u011bn &hellip; <a href=\"https:\/\/sviadnov.knihovna.info\/?page_id=269\">Cel\u00fd p\u0159\u00edsp\u011bvek <span class=\"meta-nav\">&rarr;<\/span><\/a><\/p>\n","protected":false},"author":1,"featured_media":0,"parent":0,"menu_order":0,"comment_status":"closed","ping_status":"closed","template":"","meta":{"ngg_post_thumbnail":0,"footnotes":""},"class_list":["post-269","page","type-page","status-publish","hentry"],"_links":{"self":[{"href":"https:\/\/sviadnov.knihovna.info\/index.php?rest_route=\/wp\/v2\/pages\/269","targetHints":{"allow":["GET"]}}],"collection":[{"href":"https:\/\/sviadnov.knihovna.info\/index.php?rest_route=\/wp\/v2\/pages"}],"about":[{"href":"https:\/\/sviadnov.knihovna.info\/index.php?rest_route=\/wp\/v2\/types\/page"}],"author":[{"embeddable":true,"href":"https:\/\/sviadnov.knihovna.info\/index.php?rest_route=\/wp\/v2\/users\/1"}],"replies":[{"embeddable":true,"href":"https:\/\/sviadnov.knihovna.info\/index.php?rest_route=%2Fwp%2Fv2%2Fcomments&post=269"}],"version-history":[{"count":2,"href":"https:\/\/sviadnov.knihovna.info\/index.php?rest_route=\/wp\/v2\/pages\/269\/revisions"}],"predecessor-version":[{"id":272,"href":"https:\/\/sviadnov.knihovna.info\/index.php?rest_route=\/wp\/v2\/pages\/269\/revisions\/272"}],"wp:attachment":[{"href":"https:\/\/sviadnov.knihovna.info\/index.php?rest_route=%2Fwp%2Fv2%2Fmedia&parent=269"}],"curies":[{"name":"wp","href":"https:\/\/api.w.org\/{rel}","templated":true}]}}