

{"id":275,"date":"2012-08-21T17:08:04","date_gmt":"2012-08-21T17:08:04","guid":{"rendered":"http:\/\/sviadnov.knihovna.info\/?page_id=275"},"modified":"2012-08-21T17:08:14","modified_gmt":"2012-08-21T17:08:14","slug":"knihy-z-regionalniho-fondu","status":"publish","type":"page","link":"https:\/\/sviadnov.knihovna.info\/?page_id=275","title":{"rendered":"Knihy z region\u00e1ln\u00edho fondu"},"content":{"rendered":"<p>Knihy z region\u00e1ln\u00edho fondu nakupuje pov\u011b\u0159en\u00e1 knihovna (pro n\u00e1s M\u011bK Bru\u0161perk) z prost\u0159edk\u016f rozpo\u010dtu Moravskoslezsk\u00e9ho kraje. Ka\u017ed\u00fd soubor t\u011bchto knih je v knihovn\u011b k dispozici v\u017edy jeden rok, pak putuje do jin\u00e9 knihovny. Na\u0161e knihovna si takto vym\u011b\u0148uje soubory knih z RF s Obecn\u00ed knihovnou Sta\u0159\u00ed\u010d a Obecn\u00ed knihovnou Fry\u010dovice.<\/p>\n","protected":false},"excerpt":{"rendered":"<p>Knihy z region\u00e1ln\u00edho fondu nakupuje pov\u011b\u0159en\u00e1 knihovna (pro n\u00e1s M\u011bK Bru\u0161perk) z prost\u0159edk\u016f rozpo\u010dtu Moravskoslezsk\u00e9ho kraje. Ka\u017ed\u00fd soubor t\u011bchto knih je v knihovn\u011b k dispozici v\u017edy jeden rok, pak putuje do jin\u00e9 knihovny. Na\u0161e knihovna si takto vym\u011b\u0148uje soubory knih &hellip; <a href=\"https:\/\/sviadnov.knihovna.info\/?page_id=275\">Cel\u00fd p\u0159\u00edsp\u011bvek <span class=\"meta-nav\">&rarr;<\/span><\/a><\/p>\n","protected":false},"author":1,"featured_media":0,"parent":0,"menu_order":0,"comment_status":"closed","ping_status":"closed","template":"","meta":{"ngg_post_thumbnail":0,"footnotes":""},"class_list":["post-275","page","type-page","status-publish","hentry"],"_links":{"self":[{"href":"https:\/\/sviadnov.knihovna.info\/index.php?rest_route=\/wp\/v2\/pages\/275","targetHints":{"allow":["GET"]}}],"collection":[{"href":"https:\/\/sviadnov.knihovna.info\/index.php?rest_route=\/wp\/v2\/pages"}],"about":[{"href":"https:\/\/sviadnov.knihovna.info\/index.php?rest_route=\/wp\/v2\/types\/page"}],"author":[{"embeddable":true,"href":"https:\/\/sviadnov.knihovna.info\/index.php?rest_route=\/wp\/v2\/users\/1"}],"replies":[{"embeddable":true,"href":"https:\/\/sviadnov.knihovna.info\/index.php?rest_route=%2Fwp%2Fv2%2Fcomments&post=275"}],"version-history":[{"count":2,"href":"https:\/\/sviadnov.knihovna.info\/index.php?rest_route=\/wp\/v2\/pages\/275\/revisions"}],"predecessor-version":[{"id":278,"href":"https:\/\/sviadnov.knihovna.info\/index.php?rest_route=\/wp\/v2\/pages\/275\/revisions\/278"}],"wp:attachment":[{"href":"https:\/\/sviadnov.knihovna.info\/index.php?rest_route=%2Fwp%2Fv2%2Fmedia&parent=275"}],"curies":[{"name":"wp","href":"https:\/\/api.w.org\/{rel}","templated":true}]}}