

{"id":328,"date":"2012-08-23T07:46:16","date_gmt":"2012-08-23T07:46:16","guid":{"rendered":"http:\/\/sviadnov.knihovna.info\/?page_id=328"},"modified":"2019-07-17T09:22:36","modified_gmt":"2019-07-17T09:22:36","slug":"knihovnicke-zdroje","status":"publish","type":"page","link":"https:\/\/sviadnov.knihovna.info\/?page_id=328","title":{"rendered":"Knihovnick\u00e9 zdroje"},"content":{"rendered":"<p><strong>Moravskoslezsk\u00fd kraj<\/strong><\/p>\n<ul style=\"list-style-type: square;\">\n<li><a href=\"http:\/\/www.kr-moravskoslezsky.cz\/\" target=\"_blank\" rel=\"noopener\">Moravskosl<\/a><a href=\"http:\/\/www.kr-moravskoslezsky.cz\/\">ezsk\u00fd<\/a> <a href=\"http:\/\/www.kr-moravskoslezsky.cz\/\">k<\/a><a href=\"http:\/\/www.kr-moravskoslezsky.cz\/\" target=\"_blank\" rel=\"noopener\">ra<\/a><strong><a href=\"http:\/\/www.kr-moravskoslezsky.cz\/\">j<\/a><\/strong><\/li>\n<\/ul>\n<p><strong>Katalogy<\/strong><\/p>\n<ul>\n<li><a href=\"http:\/\/www.caslin.cz\/\" target=\"_blank\" rel=\"noopener\">Souborn\u00fd katalog \u010cR CASLIN<\/a><\/li>\n<li><a href=\"http:\/\/www.skat.cz\/\" target=\"_blank\" rel=\"noopener\">Katalog SKAT<\/a><\/li>\n<li><a href=\"http:\/\/aip.nkp.cz\/\" target=\"_blank\" rel=\"noopener\">\u010cesk\u00e1 n\u00e1rodn\u00ed bibliografie<\/a><\/li>\n<\/ul>\n<p><strong>Knihovny<\/strong><\/p>\n<ul>\n<li><a href=\"http:\/\/www.svkos.cz\/\" target=\"_blank\" rel=\"noopener\">Moravskoslezsk\u00e1 v\u011bdeck\u00e1 knihovna v Ostrav\u011b<\/a><\/li>\n<li><a href=\"http:\/\/aleph.nkp.cz\/F\/?func=file&amp;file_name=base-list\" target=\"_blank\" rel=\"noopener\">Katalogy a datab\u00e1ze N\u00e1rodn\u00ed knihovny \u010cR<\/a><\/li>\n<li><a href=\"http:\/\/knihovna.brusperk.com\/\" target=\"_blank\" rel=\"noopener\">M\u011bstsk\u00e1 knihovna Bru\u0161perk<\/a><\/li>\n<li><a href=\"http:\/\/www.svkos.cz\/region.htm\">Adres\u00e1\u0159 knihoven Moravskoslezsk\u00e9ho kraje<\/a><\/li>\n<\/ul>\n<p><strong>Knihovnick\u00e9 \u010dasopisy, port\u00e1ly<\/strong><\/p>\n<ul>\n<li><a href=\"http:\/\/info.jib.cz\/\">Jednotn\u00e1 informa\u010dn\u00ed br\u00e1na (JIB)<\/a><\/li>\n<li><a href=\"http:\/\/skip.nkp.cz\/Bulletin\/Bulletin.htm\" target=\"_blank\" rel=\"noopener\">Bulletin SKIP<\/a><\/li>\n<li><a href=\"http:\/\/full.nkp.cz\/nkkr\/home.html\" target=\"_blank\" rel=\"noopener\">Knihovna PLUS<\/a><\/li>\n<\/ul>\n<p><strong>Programy na podporu knihoven<\/strong><\/p>\n<ul>\n<li><a href=\"http:\/\/visk.nkp.cz\/\" target=\"_blank\" rel=\"noopener\">VISK &#8211; Ve\u0159ejn\u00e9 Informa\u010dn\u00ed Slu\u017eby Knihoven (MK \u010cR)<\/a><\/li>\n<li><a href=\"http:\/\/knihovnam.nkp.cz\/sekce.php3?page=02_Knihovna21.htm\" target=\"_blank\" rel=\"noopener\">Knihovna 21. stolet\u00ed (MK \u010cR)<\/a><\/li>\n<\/ul>\n","protected":false},"excerpt":{"rendered":"<p>Moravskoslezsk\u00fd kraj Moravskoslezsk\u00fd kraj Katalogy Souborn\u00fd katalog \u010cR CASLIN Katalog SKAT \u010cesk\u00e1 n\u00e1rodn\u00ed bibliografie Knihovny Moravskoslezsk\u00e1 v\u011bdeck\u00e1 knihovna v Ostrav\u011b Katalogy a datab\u00e1ze N\u00e1rodn\u00ed knihovny \u010cR M\u011bstsk\u00e1 knihovna Bru\u0161perk Adres\u00e1\u0159 knihoven Moravskoslezsk\u00e9ho kraje Knihovnick\u00e9 \u010dasopisy, port\u00e1ly Jednotn\u00e1 informa\u010dn\u00ed br\u00e1na (JIB) &hellip; <a href=\"https:\/\/sviadnov.knihovna.info\/?page_id=328\">Cel\u00fd p\u0159\u00edsp\u011bvek <span class=\"meta-nav\">&rarr;<\/span><\/a><\/p>\n","protected":false},"author":1,"featured_media":0,"parent":0,"menu_order":0,"comment_status":"closed","ping_status":"closed","template":"","meta":{"ngg_post_thumbnail":0,"footnotes":""},"class_list":["post-328","page","type-page","status-publish","hentry"],"_links":{"self":[{"href":"https:\/\/sviadnov.knihovna.info\/index.php?rest_route=\/wp\/v2\/pages\/328","targetHints":{"allow":["GET"]}}],"collection":[{"href":"https:\/\/sviadnov.knihovna.info\/index.php?rest_route=\/wp\/v2\/pages"}],"about":[{"href":"https:\/\/sviadnov.knihovna.info\/index.php?rest_route=\/wp\/v2\/types\/page"}],"author":[{"embeddable":true,"href":"https:\/\/sviadnov.knihovna.info\/index.php?rest_route=\/wp\/v2\/users\/1"}],"replies":[{"embeddable":true,"href":"https:\/\/sviadnov.knihovna.info\/index.php?rest_route=%2Fwp%2Fv2%2Fcomments&post=328"}],"version-history":[{"count":6,"href":"https:\/\/sviadnov.knihovna.info\/index.php?rest_route=\/wp\/v2\/pages\/328\/revisions"}],"predecessor-version":[{"id":956,"href":"https:\/\/sviadnov.knihovna.info\/index.php?rest_route=\/wp\/v2\/pages\/328\/revisions\/956"}],"wp:attachment":[{"href":"https:\/\/sviadnov.knihovna.info\/index.php?rest_route=%2Fwp%2Fv2%2Fmedia&parent=328"}],"curies":[{"name":"wp","href":"https:\/\/api.w.org\/{rel}","templated":true}]}}