

{"id":335,"date":"2012-08-23T08:17:44","date_gmt":"2012-08-23T08:17:44","guid":{"rendered":"http:\/\/sviadnov.knihovna.info\/?page_id=335"},"modified":"2012-08-23T08:45:22","modified_gmt":"2012-08-23T08:45:22","slug":"kultura","status":"publish","type":"page","link":"https:\/\/sviadnov.knihovna.info\/?page_id=335","title":{"rendered":"Kultura"},"content":{"rendered":"<ul>\n<li><a href=\"http:\/\/www.nipos-mk.cz\/\" target=\"_blank\">N\u00e1rodn\u00ed informa\u010dn\u00ed a poradensk\u00e9 st\u0159edisko pro kulturu (NIPOS)<\/a><\/li>\n<li><a href=\"http:\/\/dokina.tiscali.cz\/\" target=\"_blank\">Aktu\u00e1ln\u00ed programy kin m\u011bst \u010cesk\u00e9 republiky<\/a><\/li>\n<li><a href=\"http:\/\/www.mkc.cz\/\" target=\"_blank\">Multikulturn\u00ed centrum Praha<\/a><\/li>\n<li><a href=\"http:\/\/www.divadlo.cz\/\" target=\"_blank\">Divadlo<\/a><\/li>\n<li><a href=\"http:\/\/www.lidova-architektura.cz\/\" target=\"_blank\">Lidov\u00e1 architektura a pam\u00e1tky \u010cR<\/a><\/li>\n<\/ul>\n","protected":false},"excerpt":{"rendered":"<p>N\u00e1rodn\u00ed informa\u010dn\u00ed a poradensk\u00e9 st\u0159edisko pro kulturu (NIPOS) Aktu\u00e1ln\u00ed programy kin m\u011bst \u010cesk\u00e9 republiky Multikulturn\u00ed centrum Praha Divadlo Lidov\u00e1 architektura a pam\u00e1tky \u010cR<\/p>\n","protected":false},"author":1,"featured_media":0,"parent":0,"menu_order":0,"comment_status":"closed","ping_status":"closed","template":"","meta":{"ngg_post_thumbnail":0,"footnotes":""},"class_list":["post-335","page","type-page","status-publish","hentry"],"_links":{"self":[{"href":"https:\/\/sviadnov.knihovna.info\/index.php?rest_route=\/wp\/v2\/pages\/335","targetHints":{"allow":["GET"]}}],"collection":[{"href":"https:\/\/sviadnov.knihovna.info\/index.php?rest_route=\/wp\/v2\/pages"}],"about":[{"href":"https:\/\/sviadnov.knihovna.info\/index.php?rest_route=\/wp\/v2\/types\/page"}],"author":[{"embeddable":true,"href":"https:\/\/sviadnov.knihovna.info\/index.php?rest_route=\/wp\/v2\/users\/1"}],"replies":[{"embeddable":true,"href":"https:\/\/sviadnov.knihovna.info\/index.php?rest_route=%2Fwp%2Fv2%2Fcomments&post=335"}],"version-history":[{"count":5,"href":"https:\/\/sviadnov.knihovna.info\/index.php?rest_route=\/wp\/v2\/pages\/335\/revisions"}],"predecessor-version":[{"id":338,"href":"https:\/\/sviadnov.knihovna.info\/index.php?rest_route=\/wp\/v2\/pages\/335\/revisions\/338"}],"wp:attachment":[{"href":"https:\/\/sviadnov.knihovna.info\/index.php?rest_route=%2Fwp%2Fv2%2Fmedia&parent=335"}],"curies":[{"name":"wp","href":"https:\/\/api.w.org\/{rel}","templated":true}]}}