

{"id":402,"date":"2012-08-24T15:03:56","date_gmt":"2012-08-24T15:03:56","guid":{"rendered":"http:\/\/sviadnov.knihovna.info\/?page_id=402"},"modified":"2026-05-14T14:15:45","modified_gmt":"2026-05-14T14:15:45","slug":"obecni-knihovna-2","status":"publish","type":"page","link":"https:\/\/sviadnov.knihovna.info\/","title":{"rendered":"Obecn\u00ed knihovna Sviadnov"},"content":{"rendered":"\n<p><\/p>\n\n\n\n<p><\/p>\n\n\n\n<p><\/p>\n\n\n\n<p class=\"has-large-font-size\"><\/p>\n\n\n<h2><span style=\"color: #ff0000;\">Od p\u00e1tku 15. 5. 2026 do \u00fater\u00fd 19. 5. 2026 bude knihovna uzav\u0159ena.<\/span><\/h2>\n<h2><img loading=\"lazy\" decoding=\"async\" class=\" wp-image-1610 aligncenter\" src=\"http:\/\/sviadnov.knihovna.info\/wp-content\/uploads\/2026\/03\/Deti-Bozeny-Nemcove-prednaska-218x300.jpg\" alt=\"\" width=\"800\" height=\"1101\" srcset=\"https:\/\/sviadnov.knihovna.info\/wp-content\/uploads\/2026\/03\/Deti-Bozeny-Nemcove-prednaska-218x300.jpg 218w, https:\/\/sviadnov.knihovna.info\/wp-content\/uploads\/2026\/03\/Deti-Bozeny-Nemcove-prednaska-744x1024.jpg 744w, https:\/\/sviadnov.knihovna.info\/wp-content\/uploads\/2026\/03\/Deti-Bozeny-Nemcove-prednaska-768x1057.jpg 768w, https:\/\/sviadnov.knihovna.info\/wp-content\/uploads\/2026\/03\/Deti-Bozeny-Nemcove-prednaska-1116x1536.jpg 1116w, https:\/\/sviadnov.knihovna.info\/wp-content\/uploads\/2026\/03\/Deti-Bozeny-Nemcove-prednaska-1488x2048.jpg 1488w, https:\/\/sviadnov.knihovna.info\/wp-content\/uploads\/2026\/03\/Deti-Bozeny-Nemcove-prednaska-scaled.jpg 1860w\" sizes=\"auto, (max-width: 800px) 100vw, 800px\" \/><\/h2>\n<h2><img loading=\"lazy\" decoding=\"async\" class=\"alignright size-medium wp-image-1495\" src=\"http:\/\/sviadnov.knihovna.info\/wp-content\/uploads\/2024\/04\/Cisla-kolem-nas-prednaska.jpg\" alt=\"\" width=\"1\" height=\"1\"><img loading=\"lazy\" decoding=\"async\" class=\"alignright size-medium wp-image-1496\" src=\"http:\/\/sviadnov.knihovna.info\/wp-content\/uploads\/2024\/04\/Cisla-kolem-nas-prednaska-1.jpg\" alt=\"\" width=\"1\" height=\"1\"><img loading=\"lazy\" decoding=\"async\" class=\"alignright size-medium wp-image-1495\" src=\"http:\/\/sviadnov.knihovna.info\/wp-content\/uploads\/2024\/04\/Cisla-kolem-nas-prednaska.jpg\" alt=\"\" width=\"1\" height=\"1\"><img loading=\"lazy\" decoding=\"async\" class=\"alignright size-medium wp-image-1496\" src=\"http:\/\/sviadnov.knihovna.info\/wp-content\/uploads\/2024\/04\/Cisla-kolem-nas-prednaska-1.jpg\" alt=\"\" width=\"1\" height=\"1\"><\/h2>\n<p><span style=\"color: #008000;\"><img loading=\"lazy\" decoding=\"async\" class=\"alignright size-medium wp-image-1495\" src=\"http:\/\/sviadnov.knihovna.info\/wp-content\/uploads\/2024\/04\/Cisla-kolem-nas-prednaska.jpg\" alt=\"\" width=\"1\" height=\"1\"><\/span><\/p>\n<h2>&nbsp;<\/h2>\n<div class=\"\" dir=\"auto\">\n<div id=\"jsc_c_6w\" class=\"ecm0bbzt hv4rvrfc ihqw7lf3 dati1w0a\" data-ad-comet-preview=\"message\" data-ad-preview=\"message\">\n<div class=\"j83agx80 cbu4d94t ew0dbk1b irj2b8pg\">\n<div class=\"qzhwtbm6 knvmm38d\">\n<div class=\"kvgmc6g5 cxmmr5t8 oygrvhab hcukyx3x c1et5uql ii04i59q\">\n<h4 dir=\"auto\"><span style=\"color: #0000ff;\">V\u00e1\u017een\u00ed \u010dten\u00e1\u0159i, m\u00e1me pro v\u00e1s zaj\u00edmavou novinku. Sviadnovsk\u00e1 knihovna v\u00e1m nab\u00edz\u00ed novou slu\u017ebu, tzv. biblioschr\u00e1nku. Je um\u00edst\u011bna p\u0159ed hlavn\u00edm vstupem do budovy Obecn\u00edho \u00fa\u0159adu. Slou\u017e\u00ed pouze k vr\u00e1cen\u00ed knih vyp\u016fj\u010den\u00fdch ve Sviadnovsk\u00e9 knihovn\u011b. V\u0161echny ostatn\u00ed dokumenty (CD, audioknihy, \u010dasopisy, MVS, deskov\u00e9 hry, Kouzeln\u00e9 \u010dten\u00ed) se vrac\u00ed pouze v knihovn\u011b. Tato slu\u017eba je bezplatn\u00e1, vracet knihy m\u016f\u017eete kdykoliv &#8211; i mimo b\u011b\u017enou p\u016fj\u010dovn\u00ed dobu. V\u011b\u0159\u00edme, \u017ee si nov\u00e1 slu\u017eba z\u00edsk\u00e1 va\u0161i oblibu a bude pro v\u00e1s p\u0159\u00ednosn\u00e1.<\/span><\/h4>\n<\/div>\n<\/div>\n<\/div>\n<\/div>\n<div id=\"jsc_c_6w\" class=\"ecm0bbzt hv4rvrfc ihqw7lf3 dati1w0a\" data-ad-comet-preview=\"message\" data-ad-preview=\"message\">\n<div class=\"j83agx80 cbu4d94t ew0dbk1b irj2b8pg\">\n<div class=\"qzhwtbm6 knvmm38d\">\n<div class=\"kvgmc6g5 cxmmr5t8 oygrvhab hcukyx3x c1et5uql ii04i59q\">\n<p><img decoding=\"async\" class=\"i09qtzwb n7fi1qx3 datstx6m pmk7jnqg j9ispegn kr520xx4 k4urcfbm aligncenter\" src=\"https:\/\/scontent.fprg5-1.fna.fbcdn.net\/v\/t39.30808-6\/s600x600\/237456209_3977666362343952_7760485287699920900_n.jpg?_nc_cat=104&amp;ccb=1-5&amp;_nc_sid=730e14&amp;_nc_ohc=BE3PM3z4a68AX-vOxF4&amp;_nc_ht=scontent.fprg5-1.fna&amp;oh=00_AT8GIy_Ki6hNlVWfZtWbVyflfH2hqSihTQtEBDcwrhDxCw&amp;oe=61DCDC31\" alt=\"\">.<img loading=\"lazy\" decoding=\"async\" class=\" wp-image-1350 aligncenter\" src=\"http:\/\/sviadnov.knihovna.info\/wp-content\/uploads\/2022\/01\/IMG_20210811_163902-168x300.jpg\" alt=\"\" width=\"296\" height=\"529\"><em><img loading=\"lazy\" decoding=\"async\" class=\"alignright size-full wp-image-712\" src=\"http:\/\/sviadnov.knihovna.info\/wp-content\/uploads\/2012\/08\/petr_bezruc.jpg\" alt=\"\" width=\"240\" height=\"260\"><\/em><\/p>\n<\/div>\n<\/div>\n<\/div>\n<\/div>\n<\/div>\n<p><em>Sviadnov, ves panen, kde von\u011bly l\u00edpy,<br><\/em><em>ml\u010dely vrby, ml\u00fdn Ji\u0159\u00edk\u016fv klapal,<\/em><br><em>na stav se s\u00e1pala Ostravice,<br>ohn\u011b kde vzpl\u00e1ly, kdy sko\u010dila z Beskyd,<br>h\u0159m\u011bla v sluch v p\u0159\u00edboji frydeck\u00fdm byrgr\u016fm<br>na\u0161e a na\u0161e ta Ostravice &#8211;<br>co to za fabriku? Nevon\u00ed l\u00edpy,<br>v o\u010di tv\u00fdch d\u011bvuch \u017eid pohled\u011bl drz\u00fd,<br>posko\u010d pry\u010d, posko\u010d m\u00e1 Ostravice. <\/em><\/p>\n<p>Petr Bezru\u010d<\/p>\n<p>&nbsp;<\/p>\n<p>&nbsp;<\/p>\n<p>&nbsp;<\/p>\n<p><span style=\"color: #ff0000;\">&nbsp;<\/span><\/p>\n<p>&nbsp;<\/p>\n\n\n<p><\/p>\n\n\n\n\n\n<p class=\"has-vivid-cyan-blue-color has-text-color\" style=\"font-size:33px\"><\/p>\n\n\n\n<p><\/p>\n","protected":false},"excerpt":{"rendered":"<p>Od p\u00e1tku 15. 5. 2026 do \u00fater\u00fd 19. 5. 2026 bude knihovna uzav\u0159ena. &nbsp; V\u00e1\u017een\u00ed \u010dten\u00e1\u0159i, m\u00e1me pro v\u00e1s zaj\u00edmavou novinku. Sviadnovsk\u00e1 knihovna v\u00e1m nab\u00edz\u00ed novou slu\u017ebu, tzv. biblioschr\u00e1nku. Je um\u00edst\u011bna p\u0159ed hlavn\u00edm vstupem do budovy Obecn\u00edho \u00fa\u0159adu. Slou\u017e\u00ed pouze &hellip; <a href=\"https:\/\/sviadnov.knihovna.info\/\">Cel\u00fd p\u0159\u00edsp\u011bvek <span class=\"meta-nav\">&rarr;<\/span><\/a><\/p>\n","protected":false},"author":1,"featured_media":0,"parent":0,"menu_order":0,"comment_status":"closed","ping_status":"closed","template":"","meta":{"ngg_post_thumbnail":0,"footnotes":""},"class_list":["post-402","page","type-page","status-publish","hentry"],"_links":{"self":[{"href":"https:\/\/sviadnov.knihovna.info\/index.php?rest_route=\/wp\/v2\/pages\/402","targetHints":{"allow":["GET"]}}],"collection":[{"href":"https:\/\/sviadnov.knihovna.info\/index.php?rest_route=\/wp\/v2\/pages"}],"about":[{"href":"https:\/\/sviadnov.knihovna.info\/index.php?rest_route=\/wp\/v2\/types\/page"}],"author":[{"embeddable":true,"href":"https:\/\/sviadnov.knihovna.info\/index.php?rest_route=\/wp\/v2\/users\/1"}],"replies":[{"embeddable":true,"href":"https:\/\/sviadnov.knihovna.info\/index.php?rest_route=%2Fwp%2Fv2%2Fcomments&post=402"}],"version-history":[{"count":306,"href":"https:\/\/sviadnov.knihovna.info\/index.php?rest_route=\/wp\/v2\/pages\/402\/revisions"}],"predecessor-version":[{"id":1617,"href":"https:\/\/sviadnov.knihovna.info\/index.php?rest_route=\/wp\/v2\/pages\/402\/revisions\/1617"}],"wp:attachment":[{"href":"https:\/\/sviadnov.knihovna.info\/index.php?rest_route=%2Fwp%2Fv2%2Fmedia&parent=402"}],"curies":[{"name":"wp","href":"https:\/\/api.w.org\/{rel}","templated":true}]}}