

{"id":442,"date":"2012-08-24T20:24:33","date_gmt":"2012-08-24T20:24:33","guid":{"rendered":"http:\/\/sviadnov.knihovna.info\/?page_id=442"},"modified":"2013-06-22T10:46:56","modified_gmt":"2013-06-22T10:46:56","slug":"historie-knihovny","status":"publish","type":"page","link":"https:\/\/sviadnov.knihovna.info\/?page_id=442","title":{"rendered":"Historie knihovny"},"content":{"rendered":"<p><img loading=\"lazy\" decoding=\"async\" class=\"alignright  wp-image-735\" alt=\"Sviadnov - historie\" src=\"http:\/\/sviadnov.knihovna.info\/wp-content\/uploads\/2013\/06\/Sviadnov-historie-300x190.jpg\" width=\"300\" height=\"190\" srcset=\"https:\/\/sviadnov.knihovna.info\/wp-content\/uploads\/2013\/06\/Sviadnov-historie-300x190.jpg 300w, https:\/\/sviadnov.knihovna.info\/wp-content\/uploads\/2013\/06\/Sviadnov-historie-473x300.jpg 473w, https:\/\/sviadnov.knihovna.info\/wp-content\/uploads\/2013\/06\/Sviadnov-historie.jpg 800w\" sizes=\"auto, (max-width: 300px) 100vw, 300px\" \/>Chceme-li ps\u00e1t o historii obecn\u00ed knihovny, mus\u00edme za\u010d\u00edt rokem 1893, ale budeme hovo\u0159it\u00a0 o \u010cten\u00e1\u0159sk\u00e9 bes\u00eddce, kter\u00e1 byla st\u0159ediskem z\u00e1bav a pou\u010den\u00ed v\u00a0obci. Sou\u010d\u00e1st\u00ed t\u00e9to bes\u00eddky byla knihovna, kter\u00e1 m\u011bla v\u00a0t\u00e9 dob\u011b dokonce i sv\u016fj prapor.<\/p>\n<p>4. z\u00e1\u0159\u00ed 1921 byla otev\u0159ena Obecn\u00ed knihovna. Knihy obci zap\u016fj\u010dily N\u00e1rodn\u00ed jednota a Odborov\u00e1 d\u011blnick\u00e1 organizace. Knihovna \u010d\u00edtala 500 svazk\u016f. V\u00a0roce 1924 je s\u00a0Obecn\u00ed knihovnou spojena knihovna N\u00e1rodn\u00ed jednoty, knihy se p\u016fj\u010dovaly pouze jeden den v\u00a0t\u00fddnu \u2013 ve \u010dtvrtek a za ka\u017edou zap\u016fj\u010denou knihu zaplatil \u010dten\u00e1\u0159 poplatek 20 hal\u00e9\u0159\u016f.<\/p>\n<p>B\u011bhem sv\u00e9 existence knihovna zm\u011bnila n\u011bkolikr\u00e1t sv\u00e9 s\u00eddlo. V\u00a0sou\u010dasn\u00e9 dob\u011b se knihovna nach\u00e1z\u00ed v\u00a0budov\u011b Obecn\u00edho \u00fa\u0159adu ve Sviadnov\u011b. Knihovna se za\u0159adila mezi profesion\u00e1ln\u00ed knihovny, je organiza\u010dn\u00ed slo\u017ekou obce Sviadnov, kter\u00e1 je z\u0159izovatelem a z\u00a0jej\u00edho\u017e rozpo\u010dtu je knihovna financov\u00e1na.<\/p>\n<p>Od 1. 1. 2002 vstoupil v\u00a0platnost nov\u00fd knihovnick\u00fd z\u00e1kon, kter\u00fd jmenovit\u011b stanovuje, aby i\u00a0v\u00a0mal\u00fdch obc\u00edch poskytovaly knihovny stejn\u00e9 knihovnick\u00e9 a informa\u010dn\u00ed slu\u017eby jako ve m\u011bstech. Dal\u0161\u00edm ustanoven\u00edm Ministerstva kultury je z\u0159\u00edzen\u00ed tzv. region\u00e1ln\u00edch knihoven, kter\u00e9 metodicky \u0159\u00edd\u00ed knihovny obecn\u00ed. Jednou z\u00a0region\u00e1ln\u00edch knihoven je M\u011bstsk\u00e1 knihovna Bru\u0161perk s\u00a0p\u016fsobnost\u00ed ve Sviadnov\u011b, Sta\u0159\u00ed\u010di, Fry\u010dovic\u00edch, Hukvaldech, Star\u00e9 Vsi nad Ond\u0159ejnic\u00ed, Krmel\u00edn\u011b, Ko\u0161atce, Palkovic\u00edch a Mysl\u00edku.<\/p>\n","protected":false},"excerpt":{"rendered":"<p>Chceme-li ps\u00e1t o historii obecn\u00ed knihovny, mus\u00edme za\u010d\u00edt rokem 1893, ale budeme hovo\u0159it\u00a0 o \u010cten\u00e1\u0159sk\u00e9 bes\u00eddce, kter\u00e1 byla st\u0159ediskem z\u00e1bav a pou\u010den\u00ed v\u00a0obci. Sou\u010d\u00e1st\u00ed t\u00e9to bes\u00eddky byla knihovna, kter\u00e1 m\u011bla v\u00a0t\u00e9 dob\u011b dokonce i sv\u016fj prapor. 4. z\u00e1\u0159\u00ed 1921 byla &hellip; <a href=\"https:\/\/sviadnov.knihovna.info\/?page_id=442\">Cel\u00fd p\u0159\u00edsp\u011bvek <span class=\"meta-nav\">&rarr;<\/span><\/a><\/p>\n","protected":false},"author":1,"featured_media":0,"parent":0,"menu_order":0,"comment_status":"closed","ping_status":"closed","template":"","meta":{"ngg_post_thumbnail":0,"footnotes":""},"class_list":["post-442","page","type-page","status-publish","hentry"],"_links":{"self":[{"href":"https:\/\/sviadnov.knihovna.info\/index.php?rest_route=\/wp\/v2\/pages\/442","targetHints":{"allow":["GET"]}}],"collection":[{"href":"https:\/\/sviadnov.knihovna.info\/index.php?rest_route=\/wp\/v2\/pages"}],"about":[{"href":"https:\/\/sviadnov.knihovna.info\/index.php?rest_route=\/wp\/v2\/types\/page"}],"author":[{"embeddable":true,"href":"https:\/\/sviadnov.knihovna.info\/index.php?rest_route=\/wp\/v2\/users\/1"}],"replies":[{"embeddable":true,"href":"https:\/\/sviadnov.knihovna.info\/index.php?rest_route=%2Fwp%2Fv2%2Fcomments&post=442"}],"version-history":[{"count":11,"href":"https:\/\/sviadnov.knihovna.info\/index.php?rest_route=\/wp\/v2\/pages\/442\/revisions"}],"predecessor-version":[{"id":560,"href":"https:\/\/sviadnov.knihovna.info\/index.php?rest_route=\/wp\/v2\/pages\/442\/revisions\/560"}],"wp:attachment":[{"href":"https:\/\/sviadnov.knihovna.info\/index.php?rest_route=%2Fwp%2Fv2%2Fmedia&parent=442"}],"curies":[{"name":"wp","href":"https:\/\/api.w.org\/{rel}","templated":true}]}}